{"id":5795,"date":"2024-02-12T13:54:52","date_gmt":"2024-02-12T12:54:52","guid":{"rendered":"https:\/\/lawnexpert.pl\/?post_type=product&#038;p=5795"},"modified":"2024-02-12T13:54:53","modified_gmt":"2024-02-12T12:54:53","slug":"reczny-niwelator-terenu-120-cm","status":"publish","type":"product","link":"https:\/\/lawnexpert.pl\/?product=reczny-niwelator-terenu-120-cm","title":{"rendered":"R\u0119czny niwelator terenu 120 cm"},"content":{"rendered":"<h2>R\u0118CZNY NIWELATOR TERENU Levelawn 120 cm \u2013 Niezb\u0119dne narz\u0119dzie ka\u017cdego kto marzy o pi\u0119knym trawniku!<\/h2>\n<p><b>Narz\u0119dzie do niwelacji terenu zaprojektowane z my\u015bl\u0105 o efektywnym u\u017cytkowaniu , oszcz\u0119dno\u015bci czasu i pracy.<\/b><\/p>\n<p>\u2705 Dzi\u0119ki temu narz\u0119dziu\u00a0<b>wyr\u00f3wnasz teren pod trawnik\/kostk\u0119<\/b><\/p>\n<p><b>\u2705 Oszcz\u0119dzi wysi\u0142ku<\/b>\u2013 g\u0142adki teren przy u\u017cyciu zaledwie kilku ruch\u00f3w.<\/p>\n<p><b>\u2705 R\u00f3wnomiernie rozprowadzi piasek<\/b>\u00a0przy zabiegu piaskowania po aeracji.<\/p>\n<p><b>\u2705 Dzi\u0119ki niwelatorowi<\/b>\u00a0<b>sprawnie zbierzesz nadmiar ziemi i przeci\u0105gniesz j\u0105 w miejsce ubytk\u00f3w,<\/b>\u00a0co daje o wiele lepszy i szybszy efekt ni\u017c standardowe r\u00f3wnanie grabiami.<\/p>\n<p><b>\u2705 Przetestowany przez dziesi\u0105tki klient\u00f3w<\/b>\u00a0indywidualnych oraz profesjonalnych ogrodnik\u00f3w<\/p>\n<p>\u2705\u00a0<b>Gwarantowana p\u0142ynna, skuteczna praca.<\/b><\/p>\n<p>&nbsp;<\/p>\n<h2>Dlaczego warto posiada\u0107 r\u0119czny niwelator terenu ?<\/h2>\n<p>U\u017cycie naszego r\u0119cznego niwelatora terenu to\u00a0<b>naj\u0142atwiejszy spos\u00f3b na roz\u0142o\u017cenie i wyr\u00f3wnanie gleby pod nowy trawnik czy kostk\u0119 brukow\u0105 w celu uzyskania g\u0142adkiego terenu.<\/b><\/p>\n<p>Wykorzystywany jest r\u00f3wnie\u017c na istniej\u0105cej murawie, aby\u00a0<b>wyr\u00f3wna\u0107 nier\u00f3wno\u015bci i kopce.<\/b>\u00a0Idealnie sprawdza si\u0119 do\u00a0<b>zabiegu piaskowania po aeracji<\/b>\u00a0(zazwyczaj mieszanka kompostu i piasku) w ramach sezonowej regularnej piel\u0119gnacji trawnika.<\/p>\n<p>Utrzymanie\/za\u0142o\u017cenie nowego r\u00f3wnego trawnika to ci\u0105g\u0142y proces i ogrom pracy,\u00a0<b>z pomoc\u0105 niwelatora, jest to o wiele \u0142atwiejsze i wp\u0142ywa korzystnie na jako\u015b\u0107 murawy.<\/b><\/p>\n<p><b>To najlepsze narz\u0119dzie zaprojektowane do wykonywania najwa\u017cniejszej czynno\u015bci przy zak\u0142adaniu trawnika (wyr\u00f3wnanie terenu),<\/b>\u00a0<b>jak i p\u00f3\u017aniejszej piel\u0119gnacji.<\/b>\u00a0Wykonuj\u0105c zaledwie kilka ruch\u00f3w w prz\u00f3d i w ty\u0142 uzyskasz g\u0142adk\u0105 powierzchni\u0119. G\u0142owica jest wykonana z najwy\u017cszej jako\u015bci, wytrzyma\u0142ej, stali czarnej, z\u00a0<b>wykorzystaniem k\u0105townik\u00f3w, kt\u00f3re skutecznie zbieraj\u0105 nadmiar materia\u0142u.<\/b>\u00a0Dodatkowo narz\u0119dzie zosta\u0142o zabezpieczone farb\u0105 antykorozyjn\u0105 aby mog\u0142o s\u0142u\u017cy\u0107 latami.<\/p>\n<p>Wytrzyma\u0142a,\u00a0 mocna konstrukcja sprawia, \u017ce \u200b\u200b<b>idealnie nadaje si\u0119 do rozrzucania przesianej wierzchniej warstwy gleby, rozbijania ci\u0119\u017ckiej gleby i rozprowadzania kopc\u00f3w materia\u0142u, takiego jak piasek oraz r\u00f3\u017cne gatunki \u017cwiru.<\/b><\/p>\n<p>&nbsp;<\/p>\n<h2>Budowa:<\/h2>\n<p>\u2013 K\u0105towniki ze stali czarnej.<\/p>\n<p>\u2013 \u015aruba mocuj\u0105ca 8mm<\/p>\n<p><b>\u2013 SZERSZE PROFILE<\/b>\u00a0<b>3cmx3cm<\/b>\u00a0(pozwalaj\u0105 skuteczniej zebra\u0107 materia\u0142)<\/p>\n<p><b>\u2013 Ca\u0142kowite wymiary 120cm\/30cm<\/b><\/p>\n<p><b>PRODUKT POLSKI, RECZNIE PRODUKOWANY<\/b><\/p>\n<p>Oferta nie obejmuje kija.<\/p>\n","protected":false},"excerpt":{"rendered":"<p>R\u0119czny niwelator terenu 120 cm<\/p>\n","protected":false},"featured_media":5799,"comment_status":"open","ping_status":"closed","template":"","meta":{"_uag_custom_page_level_css":""},"product_cat":[42],"product_tag":[],"class_list":{"0":"post-5795","1":"product","2":"type-product","3":"status-publish","4":"has-post-thumbnail","6":"product_cat-narzedzia","8":"first","9":"instock","10":"shipping-taxable","11":"purchasable","12":"product-type-simple"},"yoast_head":"<!-- This site is optimized with the Yoast SEO Premium plugin v20.4 (Yoast SEO v21.9.1) - https:\/\/yoast.com\/wordpress\/plugins\/seo\/ -->\n<title>R\u0119czny niwelator terenu 120 cm - Lawnexpert<\/title>\n<meta name=\"description\" content=\"Narz\u0119dzie do niwelacji terenu zaprojektowane z my\u015bl\u0105 o efektywnym u\u017cytkowaniu , oszcz\u0119dno\u015bci czasu i pracy.\" \/>\n<meta name=\"robots\" content=\"index, follow, max-snippet:-1, max-image-preview:large, max-video-preview:-1\" \/>\n<link rel=\"canonical\" href=\"https:\/\/lawnexpert.pl\/?product=reczny-niwelator-terenu-120-cm\" \/>\n<meta property=\"og:locale\" content=\"pl_PL\" \/>\n<meta property=\"og:type\" content=\"article\" \/>\n<meta property=\"og:title\" content=\"R\u0119czny niwelator terenu 120 cm\" \/>\n<meta property=\"og:description\" content=\"Narz\u0119dzie do niwelacji terenu zaprojektowane z my\u015bl\u0105 o efektywnym u\u017cytkowaniu , oszcz\u0119dno\u015bci czasu i pracy.\" \/>\n<meta property=\"og:url\" content=\"https:\/\/lawnexpert.pl\/?product=reczny-niwelator-terenu-120-cm\" \/>\n<meta property=\"og:site_name\" content=\"Lawnexpert\" \/>\n<meta property=\"article:modified_time\" content=\"2024-02-12T12:54:53+00:00\" \/>\n<meta property=\"og:image\" content=\"https:\/\/lawnexpert.pl\/wp-content\/uploads\/2024\/02\/Kopia-Bez-tytulu-1024\u00d71120-px-1024\u00d71300-px-23.png\" \/>\n\t<meta property=\"og:image:width\" content=\"875\" \/>\n\t<meta property=\"og:image:height\" content=\"1050\" \/>\n\t<meta property=\"og:image:type\" content=\"image\/png\" \/>\n<meta name=\"twitter:card\" content=\"summary_large_image\" \/>\n<meta name=\"twitter:label1\" content=\"Szacowany czas czytania\" \/>\n\t<meta name=\"twitter:data1\" content=\"2 minuty\" \/>\n<script type=\"application\/ld+json\" class=\"yoast-schema-graph\">{\"@context\":\"https:\/\/schema.org\",\"@graph\":[{\"@type\":\"WebPage\",\"@id\":\"https:\/\/lawnexpert.pl\/?product=reczny-niwelator-terenu-120-cm\",\"url\":\"https:\/\/lawnexpert.pl\/?product=reczny-niwelator-terenu-120-cm\",\"name\":\"R\u0119czny niwelator terenu 120 cm - Lawnexpert\",\"isPartOf\":{\"@id\":\"https:\/\/lawnexpert.pl\/#website\"},\"datePublished\":\"2024-02-12T12:54:52+00:00\",\"dateModified\":\"2024-02-12T12:54:53+00:00\",\"description\":\"Narz\u0119dzie do niwelacji terenu zaprojektowane z my\u015bl\u0105 o efektywnym u\u017cytkowaniu , oszcz\u0119dno\u015bci czasu i pracy.\",\"breadcrumb\":{\"@id\":\"https:\/\/lawnexpert.pl\/?product=reczny-niwelator-terenu-120-cm#breadcrumb\"},\"inLanguage\":\"pl-PL\",\"potentialAction\":[{\"@type\":\"ReadAction\",\"target\":[\"https:\/\/lawnexpert.pl\/?product=reczny-niwelator-terenu-120-cm\"]}]},{\"@type\":\"BreadcrumbList\",\"@id\":\"https:\/\/lawnexpert.pl\/?product=reczny-niwelator-terenu-120-cm#breadcrumb\",\"itemListElement\":[{\"@type\":\"ListItem\",\"position\":1,\"name\":\"Strona g\u0142\u00f3wna\",\"item\":\"https:\/\/lawnexpert.pl\/\"},{\"@type\":\"ListItem\",\"position\":2,\"name\":\"Sklep\",\"item\":\"https:\/\/lawnexpert.pl\/?page_id=401\"},{\"@type\":\"ListItem\",\"position\":3,\"name\":\"R\u0119czny niwelator terenu 120 cm\"}]},{\"@type\":\"WebSite\",\"@id\":\"https:\/\/lawnexpert.pl\/#website\",\"url\":\"https:\/\/lawnexpert.pl\/\",\"name\":\"Lawnexpert\",\"description\":\"zak\u0142adanie trawnik\u00f3w\",\"publisher\":{\"@id\":\"https:\/\/lawnexpert.pl\/#organization\"},\"potentialAction\":[{\"@type\":\"SearchAction\",\"target\":{\"@type\":\"EntryPoint\",\"urlTemplate\":\"https:\/\/lawnexpert.pl\/?s={search_term_string}\"},\"query-input\":\"required name=search_term_string\"}],\"inLanguage\":\"pl-PL\"},{\"@type\":[\"Organization\",\"Place\"],\"@id\":\"https:\/\/lawnexpert.pl\/#organization\",\"name\":\"Lawnexpert\",\"url\":\"https:\/\/lawnexpert.pl\/\",\"logo\":{\"@id\":\"https:\/\/lawnexpert.pl\/?product=reczny-niwelator-terenu-120-cm#local-main-organization-logo\"},\"image\":{\"@id\":\"https:\/\/lawnexpert.pl\/?product=reczny-niwelator-terenu-120-cm#local-main-organization-logo\"},\"openingHoursSpecification\":[{\"@type\":\"OpeningHoursSpecification\",\"dayOfWeek\":[\"Monday\",\"Tuesday\",\"Wednesday\",\"Thursday\",\"Friday\",\"Saturday\",\"Sunday\"],\"opens\":\"09:00\",\"closes\":\"17:00\"}]},{\"@type\":\"ImageObject\",\"inLanguage\":\"pl-PL\",\"@id\":\"https:\/\/lawnexpert.pl\/?product=reczny-niwelator-terenu-120-cm#local-main-organization-logo\",\"url\":\"https:\/\/lawnexpert.pl\/wp-content\/uploads\/2024\/02\/cropped-Projekt-bez-nazwy-5-1.png\",\"contentUrl\":\"https:\/\/lawnexpert.pl\/wp-content\/uploads\/2024\/02\/cropped-Projekt-bez-nazwy-5-1.png\",\"width\":500,\"height\":140,\"caption\":\"Lawnexpert\"}]}<\/script>\n<!-- \/ Yoast SEO Premium plugin. -->","yoast_head_json":{"title":"R\u0119czny niwelator terenu 120 cm - Lawnexpert","description":"Narz\u0119dzie do niwelacji terenu zaprojektowane z my\u015bl\u0105 o efektywnym u\u017cytkowaniu , oszcz\u0119dno\u015bci czasu i pracy.","robots":{"index":"index","follow":"follow","max-snippet":"max-snippet:-1","max-image-preview":"max-image-preview:large","max-video-preview":"max-video-preview:-1"},"canonical":"https:\/\/lawnexpert.pl\/?product=reczny-niwelator-terenu-120-cm","og_locale":"pl_PL","og_type":"article","og_title":"R\u0119czny niwelator terenu 120 cm","og_description":"Narz\u0119dzie do niwelacji terenu zaprojektowane z my\u015bl\u0105 o efektywnym u\u017cytkowaniu , oszcz\u0119dno\u015bci czasu i pracy.","og_url":"https:\/\/lawnexpert.pl\/?product=reczny-niwelator-terenu-120-cm","og_site_name":"Lawnexpert","article_modified_time":"2024-02-12T12:54:53+00:00","og_image":[{"width":875,"height":1050,"url":"https:\/\/lawnexpert.pl\/wp-content\/uploads\/2024\/02\/Kopia-Bez-tytulu-1024\u00d71120-px-1024\u00d71300-px-23.png","type":"image\/png"}],"twitter_card":"summary_large_image","twitter_misc":{"Szacowany czas czytania":"2 minuty"},"schema":{"@context":"https:\/\/schema.org","@graph":[{"@type":"WebPage","@id":"https:\/\/lawnexpert.pl\/?product=reczny-niwelator-terenu-120-cm","url":"https:\/\/lawnexpert.pl\/?product=reczny-niwelator-terenu-120-cm","name":"R\u0119czny niwelator terenu 120 cm - Lawnexpert","isPartOf":{"@id":"https:\/\/lawnexpert.pl\/#website"},"datePublished":"2024-02-12T12:54:52+00:00","dateModified":"2024-02-12T12:54:53+00:00","description":"Narz\u0119dzie do niwelacji terenu zaprojektowane z my\u015bl\u0105 o efektywnym u\u017cytkowaniu , oszcz\u0119dno\u015bci czasu i pracy.","breadcrumb":{"@id":"https:\/\/lawnexpert.pl\/?product=reczny-niwelator-terenu-120-cm#breadcrumb"},"inLanguage":"pl-PL","potentialAction":[{"@type":"ReadAction","target":["https:\/\/lawnexpert.pl\/?product=reczny-niwelator-terenu-120-cm"]}]},{"@type":"BreadcrumbList","@id":"https:\/\/lawnexpert.pl\/?product=reczny-niwelator-terenu-120-cm#breadcrumb","itemListElement":[{"@type":"ListItem","position":1,"name":"Strona g\u0142\u00f3wna","item":"https:\/\/lawnexpert.pl\/"},{"@type":"ListItem","position":2,"name":"Sklep","item":"https:\/\/lawnexpert.pl\/?page_id=401"},{"@type":"ListItem","position":3,"name":"R\u0119czny niwelator terenu 120 cm"}]},{"@type":"WebSite","@id":"https:\/\/lawnexpert.pl\/#website","url":"https:\/\/lawnexpert.pl\/","name":"Lawnexpert","description":"zak\u0142adanie trawnik\u00f3w","publisher":{"@id":"https:\/\/lawnexpert.pl\/#organization"},"potentialAction":[{"@type":"SearchAction","target":{"@type":"EntryPoint","urlTemplate":"https:\/\/lawnexpert.pl\/?s={search_term_string}"},"query-input":"required name=search_term_string"}],"inLanguage":"pl-PL"},{"@type":["Organization","Place"],"@id":"https:\/\/lawnexpert.pl\/#organization","name":"Lawnexpert","url":"https:\/\/lawnexpert.pl\/","logo":{"@id":"https:\/\/lawnexpert.pl\/?product=reczny-niwelator-terenu-120-cm#local-main-organization-logo"},"image":{"@id":"https:\/\/lawnexpert.pl\/?product=reczny-niwelator-terenu-120-cm#local-main-organization-logo"},"openingHoursSpecification":[{"@type":"OpeningHoursSpecification","dayOfWeek":["Monday","Tuesday","Wednesday","Thursday","Friday","Saturday","Sunday"],"opens":"09:00","closes":"17:00"}]},{"@type":"ImageObject","inLanguage":"pl-PL","@id":"https:\/\/lawnexpert.pl\/?product=reczny-niwelator-terenu-120-cm#local-main-organization-logo","url":"https:\/\/lawnexpert.pl\/wp-content\/uploads\/2024\/02\/cropped-Projekt-bez-nazwy-5-1.png","contentUrl":"https:\/\/lawnexpert.pl\/wp-content\/uploads\/2024\/02\/cropped-Projekt-bez-nazwy-5-1.png","width":500,"height":140,"caption":"Lawnexpert"}]}},"uagb_featured_image_src":{"full":["https:\/\/lawnexpert.pl\/wp-content\/uploads\/2024\/02\/Kopia-Bez-tytulu-1024\u00d71120-px-1024\u00d71300-px-23.png",875,1050,false],"thumbnail":["https:\/\/lawnexpert.pl\/wp-content\/uploads\/2024\/02\/Kopia-Bez-tytulu-1024\u00d71120-px-1024\u00d71300-px-23-150x150.png",150,150,true],"medium":["https:\/\/lawnexpert.pl\/wp-content\/uploads\/2024\/02\/Kopia-Bez-tytulu-1024\u00d71120-px-1024\u00d71300-px-23-250x300.png",250,300,true],"medium_large":["https:\/\/lawnexpert.pl\/wp-content\/uploads\/2024\/02\/Kopia-Bez-tytulu-1024\u00d71120-px-1024\u00d71300-px-23-768x922.png",768,922,true],"large":["https:\/\/lawnexpert.pl\/wp-content\/uploads\/2024\/02\/Kopia-Bez-tytulu-1024\u00d71120-px-1024\u00d71300-px-23-853x1024.png",853,1024,true],"1536x1536":["https:\/\/lawnexpert.pl\/wp-content\/uploads\/2024\/02\/Kopia-Bez-tytulu-1024\u00d71120-px-1024\u00d71300-px-23.png",875,1050,false],"2048x2048":["https:\/\/lawnexpert.pl\/wp-content\/uploads\/2024\/02\/Kopia-Bez-tytulu-1024\u00d71120-px-1024\u00d71300-px-23.png",875,1050,false],"woocommerce_thumbnail":["https:\/\/lawnexpert.pl\/wp-content\/uploads\/2024\/02\/Kopia-Bez-tytulu-1024\u00d71120-px-1024\u00d71300-px-23-300x300.png",300,300,true],"woocommerce_single":["https:\/\/lawnexpert.pl\/wp-content\/uploads\/2024\/02\/Kopia-Bez-tytulu-1024\u00d71120-px-1024\u00d71300-px-23-600x720.png",600,720,true],"woocommerce_gallery_thumbnail":["https:\/\/lawnexpert.pl\/wp-content\/uploads\/2024\/02\/Kopia-Bez-tytulu-1024\u00d71120-px-1024\u00d71300-px-23-100x100.png",100,100,true]},"uagb_author_info":{"display_name":"Sylwia","author_link":"https:\/\/lawnexpert.pl\/?author=0"},"uagb_comment_info":0,"uagb_excerpt":"R\u0119czny niwelator terenu 120 cm","_links":{"self":[{"href":"https:\/\/lawnexpert.pl\/index.php?rest_route=\/wp\/v2\/product\/5795","targetHints":{"allow":["GET"]}}],"collection":[{"href":"https:\/\/lawnexpert.pl\/index.php?rest_route=\/wp\/v2\/product"}],"about":[{"href":"https:\/\/lawnexpert.pl\/index.php?rest_route=\/wp\/v2\/types\/product"}],"replies":[{"embeddable":true,"href":"https:\/\/lawnexpert.pl\/index.php?rest_route=%2Fwp%2Fv2%2Fcomments&post=5795"}],"wp:featuredmedia":[{"embeddable":true,"href":"https:\/\/lawnexpert.pl\/index.php?rest_route=\/wp\/v2\/media\/5799"}],"wp:attachment":[{"href":"https:\/\/lawnexpert.pl\/index.php?rest_route=%2Fwp%2Fv2%2Fmedia&parent=5795"}],"wp:term":[{"taxonomy":"product_cat","embeddable":true,"href":"https:\/\/lawnexpert.pl\/index.php?rest_route=%2Fwp%2Fv2%2Fproduct_cat&post=5795"},{"taxonomy":"product_tag","embeddable":true,"href":"https:\/\/lawnexpert.pl\/index.php?rest_route=%2Fwp%2Fv2%2Fproduct_tag&post=5795"}],"curies":[{"name":"wp","href":"https:\/\/api.w.org\/{rel}","templated":true}]}}