{"id":5580,"date":"2024-02-07T14:42:10","date_gmt":"2024-02-07T13:42:10","guid":{"rendered":"https:\/\/lawnexpert.pl\/?post_type=product&#038;p=5580"},"modified":"2024-02-07T14:51:33","modified_gmt":"2024-02-07T13:51:33","slug":"lawka-na-taras-z-oparciem","status":"publish","type":"product","link":"https:\/\/lawnexpert.pl\/?product=lawka-na-taras-z-oparciem","title":{"rendered":"\u0141awka na taras z oparciem"},"content":{"rendered":"<h2>Solidna \u0141awka Ogrodowa o powierzchni siedziska150 cm &#8211; Nowoczesny Design, Wykonana z Wysokojako\u015bciowych Materia\u0142\u00f3w<\/h2>\n<p>Zapraszamy do zakupu\u00a0<b>nowoczesnej \u0142awki ogrodowej<\/b>\u00a0o d\u0142ugo\u015bci\u00a0<b>siedziska 150 cm<\/b>, kt\u00f3ra nie tylko urozmaici Twoj\u0105 przestrze\u0144 na \u015bwie\u017cym powietrzu, ale r\u00f3wnie\u017c zachwyci elegancj\u0105 wykonania. Ta stylowa \u0142awka zosta\u0142a stworzona z my\u015bl\u0105 o\u00a0<b>komforcie i trwa\u0142o\u015bci<\/b>, a jej\u00a0<b>wyj\u0105tkowy design\u00a0<\/b>sprawi, \u017ce stanie si\u0119 nieod\u0142\u0105cznym elementem Twojego\u00a0<b>ogrodu czy tarasu.<\/b><\/p>\n<ul>\n<li>\u0141awka zosta\u0142a zaprojektowana z my\u015bl\u0105 o wygodzie u\u017cytkowania,<\/li>\n<li>Solidne i stabilne wykonanie zapewnia bezpieczne siedzenie,<\/li>\n<li>Stalowe nogi, malowane proszkowo stanowi\u0105 mocn\u0105 konstrukcj\u0119 na lata<\/li>\n<\/ul>\n<p><b>G\u0142\u00f3wne cechy produktu:<\/b><\/p>\n<ul>\n<li><b>Idealna do wypoczynku\u00a0<\/b>w gronie rodziny i przyjaci\u00f3\u0142.<\/li>\n<li>Materia\u0142: Solidne, wzmocnione nogi stalowe gwarantuj\u0105ce\u00a0<b>stabilno\u015b\u0107 i trwa\u0142o\u015b\u0107<\/b>. Deski wykonane z\u00a0<b>wysokiej jako\u015bci sosny,<\/b>\u00a0o grubo\u015bci 3,7 cm, nadaj\u0105 \u0142awce wyj\u0105tkowy wygl\u0105d.<\/li>\n<li>Design:\u00a0<b>Ryflowane deski<\/b>\u00a0dodaj\u0105 nowoczesno\u015bci i charakteru, tworz\u0105c efektowny kontrast z metalowymi elementami. \u0141awka doskonale komponuje si\u0119 z r\u00f3\u017cnymi stylami ogrodu.<\/li>\n<\/ul>\n<h3>Specyfikacja techniczna :<\/h3>\n<p>NOGI<\/p>\n<ul>\n<li><b>Materia\u0142:<\/b>\u00a0Stal, profil 40&#215;60 mm<\/li>\n<li><b>Wysoko\u015b\u0107 ca\u0142kowita:<\/b>\u00a088 cm<\/li>\n<li><b>Szeroko\u015b\u0107:<\/b>\u00a021 cm \u0142\u0105cznie z p\u0142askownikiem<\/li>\n<li><b>G\u0142\u0119boko\u015b\u0107:\u00a0<\/b>\u00a041 cm<\/li>\n<li><b>Kolor<\/b>: Czarny mat, malowany proszkowo<\/li>\n<li><b>W zestawie:<\/b>\u00a0za\u015blepki na g\u00f3rn\u0105 cz\u0119\u015b\u0107 n\u00f3g oraz p\u0142askowniki wzmacniaj\u0105ce siedzisko i oparcie, \u015bruby do monta\u017cu desek.<\/li>\n<\/ul>\n<ul>\n<li>7 desek sosnowych, ryflowanych o d\u0142ugo\u015bci 150 cm, szeroko\u015bci 8 cm, grubo\u015bci 3,7 cm.<\/li>\n<li>Dodatkowe wzmocnienia: P\u0142askowniki pod siedziskiem zapewniaj\u0105ce solidno\u015b\u0107 i stabilno\u015b\u0107 konstrukcji.<\/li>\n<li>D\u0142ugo\u015b\u0107 ca\u0142kowita zmontowanego produktu wynosi 162 cm.<\/li>\n<\/ul>\n<p><b>\u0141awka do samodzielnego monta\u017cu. Pomalowana bezbarwnym impregnatem.<\/b><\/p>\n","protected":false},"excerpt":{"rendered":"<p>Solidna \u0141awka Ogrodowa o powierzchni siedziska150 cm &#8211; Nowoczesny Design, Wykonana z Wysokojako\u015bciowych Materia\u0142\u00f3w Zapraszamy do zakupu\u00a0nowoczesnej \u0142awki ogrodowej\u00a0o d\u0142ugo\u015bci\u00a0siedziska&#8230;<\/p>\n","protected":false},"featured_media":5587,"comment_status":"open","ping_status":"closed","template":"","meta":{"_uag_custom_page_level_css":""},"product_cat":[41],"product_tag":[],"class_list":{"0":"post-5580","1":"product","2":"type-product","3":"status-publish","4":"has-post-thumbnail","6":"product_cat-lawki","8":"first","9":"instock","10":"shipping-taxable","11":"purchasable","12":"product-type-simple"},"yoast_head":"<!-- This site is optimized with the Yoast SEO Premium plugin v20.4 (Yoast SEO v21.9.1) - https:\/\/yoast.com\/wordpress\/plugins\/seo\/ -->\n<title>\u0141awka na taras z oparciem - Lawnexpert<\/title>\n<meta name=\"description\" content=\"\u0141awka zosta\u0142a zaprojektowana z my\u015bl\u0105 o wygodzie u\u017cytkowania, Solidne i stabilne wykonanie zapewnia bezpieczne siedzenie, Stalowe nogi, malowane proszkowo stanowi\u0105 mocn\u0105 konstrukcj\u0119 na lata\" \/>\n<meta name=\"robots\" content=\"index, follow, max-snippet:-1, max-image-preview:large, max-video-preview:-1\" \/>\n<link rel=\"canonical\" href=\"https:\/\/lawnexpert.pl\/produkt\/lawka-na-taras-z-oparciem\/\" \/>\n<meta property=\"og:locale\" content=\"pl_PL\" \/>\n<meta property=\"og:type\" content=\"article\" \/>\n<meta property=\"og:title\" content=\"\u0141awka na taras z oparciem\" \/>\n<meta property=\"og:description\" content=\"\u0141awka zosta\u0142a zaprojektowana z my\u015bl\u0105 o wygodzie u\u017cytkowania, Solidne i stabilne wykonanie zapewnia bezpieczne siedzenie, Stalowe nogi, malowane proszkowo stanowi\u0105 mocn\u0105 konstrukcj\u0119 na lata\" \/>\n<meta property=\"og:url\" content=\"https:\/\/lawnexpert.pl\/produkt\/lawka-na-taras-z-oparciem\/\" \/>\n<meta property=\"og:site_name\" content=\"Lawnexpert\" \/>\n<meta property=\"article:modified_time\" content=\"2024-02-07T13:51:33+00:00\" \/>\n<meta property=\"og:image\" content=\"https:\/\/lawnexpert.pl\/wp-content\/uploads\/2024\/02\/Shop-9.png\" \/>\n\t<meta property=\"og:image:width\" content=\"1200\" \/>\n\t<meta property=\"og:image:height\" content=\"800\" \/>\n\t<meta property=\"og:image:type\" content=\"image\/png\" \/>\n<meta name=\"twitter:card\" content=\"summary_large_image\" \/>\n<meta name=\"twitter:label1\" content=\"Szacowany czas czytania\" \/>\n\t<meta name=\"twitter:data1\" content=\"2 minuty\" \/>\n<script type=\"application\/ld+json\" class=\"yoast-schema-graph\">{\"@context\":\"https:\/\/schema.org\",\"@graph\":[{\"@type\":\"WebPage\",\"@id\":\"https:\/\/lawnexpert.pl\/produkt\/lawka-na-taras-z-oparciem\/\",\"url\":\"https:\/\/lawnexpert.pl\/produkt\/lawka-na-taras-z-oparciem\/\",\"name\":\"\u0141awka na taras z oparciem - Lawnexpert\",\"isPartOf\":{\"@id\":\"https:\/\/lawnexpert.pl\/#website\"},\"datePublished\":\"2024-02-07T13:42:10+00:00\",\"dateModified\":\"2024-02-07T13:51:33+00:00\",\"description\":\"\u0141awka zosta\u0142a zaprojektowana z my\u015bl\u0105 o wygodzie u\u017cytkowania, Solidne i stabilne wykonanie zapewnia bezpieczne siedzenie, Stalowe nogi, malowane proszkowo stanowi\u0105 mocn\u0105 konstrukcj\u0119 na lata\",\"breadcrumb\":{\"@id\":\"https:\/\/lawnexpert.pl\/produkt\/lawka-na-taras-z-oparciem\/#breadcrumb\"},\"inLanguage\":\"pl-PL\",\"potentialAction\":[{\"@type\":\"ReadAction\",\"target\":[\"https:\/\/lawnexpert.pl\/produkt\/lawka-na-taras-z-oparciem\/\"]}]},{\"@type\":\"BreadcrumbList\",\"@id\":\"https:\/\/lawnexpert.pl\/produkt\/lawka-na-taras-z-oparciem\/#breadcrumb\",\"itemListElement\":[{\"@type\":\"ListItem\",\"position\":1,\"name\":\"Strona g\u0142\u00f3wna\",\"item\":\"https:\/\/lawnexpert.pl\/\"},{\"@type\":\"ListItem\",\"position\":2,\"name\":\"Sklep\",\"item\":\"https:\/\/lawnexpert.pl\/?page_id=401\"},{\"@type\":\"ListItem\",\"position\":3,\"name\":\"\u0141awka na taras z oparciem\"}]},{\"@type\":\"WebSite\",\"@id\":\"https:\/\/lawnexpert.pl\/#website\",\"url\":\"https:\/\/lawnexpert.pl\/\",\"name\":\"Lawnexpert\",\"description\":\"zak\u0142adanie trawnik\u00f3w\",\"publisher\":{\"@id\":\"https:\/\/lawnexpert.pl\/#organization\"},\"potentialAction\":[{\"@type\":\"SearchAction\",\"target\":{\"@type\":\"EntryPoint\",\"urlTemplate\":\"https:\/\/lawnexpert.pl\/?s={search_term_string}\"},\"query-input\":\"required name=search_term_string\"}],\"inLanguage\":\"pl-PL\"},{\"@type\":[\"Organization\",\"Place\"],\"@id\":\"https:\/\/lawnexpert.pl\/#organization\",\"name\":\"Lawnexpert\",\"url\":\"https:\/\/lawnexpert.pl\/\",\"logo\":{\"@id\":\"https:\/\/lawnexpert.pl\/produkt\/lawka-na-taras-z-oparciem\/#local-main-organization-logo\"},\"image\":{\"@id\":\"https:\/\/lawnexpert.pl\/produkt\/lawka-na-taras-z-oparciem\/#local-main-organization-logo\"},\"openingHoursSpecification\":[{\"@type\":\"OpeningHoursSpecification\",\"dayOfWeek\":[\"Monday\",\"Tuesday\",\"Wednesday\",\"Thursday\",\"Friday\",\"Saturday\",\"Sunday\"],\"opens\":\"09:00\",\"closes\":\"17:00\"}]},{\"@type\":\"ImageObject\",\"inLanguage\":\"pl-PL\",\"@id\":\"https:\/\/lawnexpert.pl\/produkt\/lawka-na-taras-z-oparciem\/#local-main-organization-logo\",\"url\":\"https:\/\/lawnexpert.pl\/wp-content\/uploads\/2024\/02\/cropped-Projekt-bez-nazwy-5-1.png\",\"contentUrl\":\"https:\/\/lawnexpert.pl\/wp-content\/uploads\/2024\/02\/cropped-Projekt-bez-nazwy-5-1.png\",\"width\":500,\"height\":140,\"caption\":\"Lawnexpert\"}]}<\/script>\n<!-- \/ Yoast SEO Premium plugin. -->","yoast_head_json":{"title":"\u0141awka na taras z oparciem - Lawnexpert","description":"\u0141awka zosta\u0142a zaprojektowana z my\u015bl\u0105 o wygodzie u\u017cytkowania, Solidne i stabilne wykonanie zapewnia bezpieczne siedzenie, Stalowe nogi, malowane proszkowo stanowi\u0105 mocn\u0105 konstrukcj\u0119 na lata","robots":{"index":"index","follow":"follow","max-snippet":"max-snippet:-1","max-image-preview":"max-image-preview:large","max-video-preview":"max-video-preview:-1"},"canonical":"https:\/\/lawnexpert.pl\/produkt\/lawka-na-taras-z-oparciem\/","og_locale":"pl_PL","og_type":"article","og_title":"\u0141awka na taras z oparciem","og_description":"\u0141awka zosta\u0142a zaprojektowana z my\u015bl\u0105 o wygodzie u\u017cytkowania, Solidne i stabilne wykonanie zapewnia bezpieczne siedzenie, Stalowe nogi, malowane proszkowo stanowi\u0105 mocn\u0105 konstrukcj\u0119 na lata","og_url":"https:\/\/lawnexpert.pl\/produkt\/lawka-na-taras-z-oparciem\/","og_site_name":"Lawnexpert","article_modified_time":"2024-02-07T13:51:33+00:00","og_image":[{"width":1200,"height":800,"url":"https:\/\/lawnexpert.pl\/wp-content\/uploads\/2024\/02\/Shop-9.png","type":"image\/png"}],"twitter_card":"summary_large_image","twitter_misc":{"Szacowany czas czytania":"2 minuty"},"schema":{"@context":"https:\/\/schema.org","@graph":[{"@type":"WebPage","@id":"https:\/\/lawnexpert.pl\/produkt\/lawka-na-taras-z-oparciem\/","url":"https:\/\/lawnexpert.pl\/produkt\/lawka-na-taras-z-oparciem\/","name":"\u0141awka na taras z oparciem - Lawnexpert","isPartOf":{"@id":"https:\/\/lawnexpert.pl\/#website"},"datePublished":"2024-02-07T13:42:10+00:00","dateModified":"2024-02-07T13:51:33+00:00","description":"\u0141awka zosta\u0142a zaprojektowana z my\u015bl\u0105 o wygodzie u\u017cytkowania, Solidne i stabilne wykonanie zapewnia bezpieczne siedzenie, Stalowe nogi, malowane proszkowo stanowi\u0105 mocn\u0105 konstrukcj\u0119 na lata","breadcrumb":{"@id":"https:\/\/lawnexpert.pl\/produkt\/lawka-na-taras-z-oparciem\/#breadcrumb"},"inLanguage":"pl-PL","potentialAction":[{"@type":"ReadAction","target":["https:\/\/lawnexpert.pl\/produkt\/lawka-na-taras-z-oparciem\/"]}]},{"@type":"BreadcrumbList","@id":"https:\/\/lawnexpert.pl\/produkt\/lawka-na-taras-z-oparciem\/#breadcrumb","itemListElement":[{"@type":"ListItem","position":1,"name":"Strona g\u0142\u00f3wna","item":"https:\/\/lawnexpert.pl\/"},{"@type":"ListItem","position":2,"name":"Sklep","item":"https:\/\/lawnexpert.pl\/?page_id=401"},{"@type":"ListItem","position":3,"name":"\u0141awka na taras z oparciem"}]},{"@type":"WebSite","@id":"https:\/\/lawnexpert.pl\/#website","url":"https:\/\/lawnexpert.pl\/","name":"Lawnexpert","description":"zak\u0142adanie trawnik\u00f3w","publisher":{"@id":"https:\/\/lawnexpert.pl\/#organization"},"potentialAction":[{"@type":"SearchAction","target":{"@type":"EntryPoint","urlTemplate":"https:\/\/lawnexpert.pl\/?s={search_term_string}"},"query-input":"required name=search_term_string"}],"inLanguage":"pl-PL"},{"@type":["Organization","Place"],"@id":"https:\/\/lawnexpert.pl\/#organization","name":"Lawnexpert","url":"https:\/\/lawnexpert.pl\/","logo":{"@id":"https:\/\/lawnexpert.pl\/produkt\/lawka-na-taras-z-oparciem\/#local-main-organization-logo"},"image":{"@id":"https:\/\/lawnexpert.pl\/produkt\/lawka-na-taras-z-oparciem\/#local-main-organization-logo"},"openingHoursSpecification":[{"@type":"OpeningHoursSpecification","dayOfWeek":["Monday","Tuesday","Wednesday","Thursday","Friday","Saturday","Sunday"],"opens":"09:00","closes":"17:00"}]},{"@type":"ImageObject","inLanguage":"pl-PL","@id":"https:\/\/lawnexpert.pl\/produkt\/lawka-na-taras-z-oparciem\/#local-main-organization-logo","url":"https:\/\/lawnexpert.pl\/wp-content\/uploads\/2024\/02\/cropped-Projekt-bez-nazwy-5-1.png","contentUrl":"https:\/\/lawnexpert.pl\/wp-content\/uploads\/2024\/02\/cropped-Projekt-bez-nazwy-5-1.png","width":500,"height":140,"caption":"Lawnexpert"}]}},"uagb_featured_image_src":{"full":["https:\/\/lawnexpert.pl\/wp-content\/uploads\/2024\/02\/Shop-9.png",1200,800,false],"thumbnail":["https:\/\/lawnexpert.pl\/wp-content\/uploads\/2024\/02\/Shop-9-150x150.png",150,150,true],"medium":["https:\/\/lawnexpert.pl\/wp-content\/uploads\/2024\/02\/Shop-9-300x200.png",300,200,true],"medium_large":["https:\/\/lawnexpert.pl\/wp-content\/uploads\/2024\/02\/Shop-9-768x512.png",768,512,true],"large":["https:\/\/lawnexpert.pl\/wp-content\/uploads\/2024\/02\/Shop-9-1024x683.png",1024,683,true],"1536x1536":["https:\/\/lawnexpert.pl\/wp-content\/uploads\/2024\/02\/Shop-9.png",1200,800,false],"2048x2048":["https:\/\/lawnexpert.pl\/wp-content\/uploads\/2024\/02\/Shop-9.png",1200,800,false],"woocommerce_thumbnail":["https:\/\/lawnexpert.pl\/wp-content\/uploads\/2024\/02\/Shop-9-300x300.png",300,300,true],"woocommerce_single":["https:\/\/lawnexpert.pl\/wp-content\/uploads\/2024\/02\/Shop-9-600x400.png",600,400,true],"woocommerce_gallery_thumbnail":["https:\/\/lawnexpert.pl\/wp-content\/uploads\/2024\/02\/Shop-9-100x100.png",100,100,true]},"uagb_author_info":{"display_name":"Sylwia","author_link":"https:\/\/lawnexpert.pl\/?author=0"},"uagb_comment_info":0,"uagb_excerpt":"Solidna \u0141awka Ogrodowa o powierzchni siedziska150 cm &#8211; Nowoczesny Design, Wykonana z Wysokojako\u015bciowych Materia\u0142\u00f3w Zapraszamy do zakupu\u00a0nowoczesnej \u0142awki ogrodowej\u00a0o d\u0142ugo\u015bci\u00a0siedziska...","_links":{"self":[{"href":"https:\/\/lawnexpert.pl\/index.php?rest_route=\/wp\/v2\/product\/5580","targetHints":{"allow":["GET"]}}],"collection":[{"href":"https:\/\/lawnexpert.pl\/index.php?rest_route=\/wp\/v2\/product"}],"about":[{"href":"https:\/\/lawnexpert.pl\/index.php?rest_route=\/wp\/v2\/types\/product"}],"replies":[{"embeddable":true,"href":"https:\/\/lawnexpert.pl\/index.php?rest_route=%2Fwp%2Fv2%2Fcomments&post=5580"}],"wp:featuredmedia":[{"embeddable":true,"href":"https:\/\/lawnexpert.pl\/index.php?rest_route=\/wp\/v2\/media\/5587"}],"wp:attachment":[{"href":"https:\/\/lawnexpert.pl\/index.php?rest_route=%2Fwp%2Fv2%2Fmedia&parent=5580"}],"wp:term":[{"taxonomy":"product_cat","embeddable":true,"href":"https:\/\/lawnexpert.pl\/index.php?rest_route=%2Fwp%2Fv2%2Fproduct_cat&post=5580"},{"taxonomy":"product_tag","embeddable":true,"href":"https:\/\/lawnexpert.pl\/index.php?rest_route=%2Fwp%2Fv2%2Fproduct_tag&post=5580"}],"curies":[{"name":"wp","href":"https:\/\/api.w.org\/{rel}","templated":true}]}}