{"id":5554,"date":"2024-02-07T14:08:21","date_gmt":"2024-02-07T13:08:21","guid":{"rendered":"https:\/\/lawnexpert.pl\/?page_id=5554"},"modified":"2024-02-07T14:09:16","modified_gmt":"2024-02-07T13:09:16","slug":"regulamin","status":"publish","type":"page","link":"https:\/\/lawnexpert.pl\/?page_id=5554","title":{"rendered":"Regulamin"},"content":{"rendered":"\n<p>Niniejszy Regulamin, jest Regulaminem o kt\u00f3rym mowa w art. 8 Ustawy z dnia 18 lipca<br>2002 r. o \u015bwiadczeniu us\u0142ug drog\u0105 elektroniczn\u0105 (Dz. U. z 2002 r. Nr 144, poz. 1204 ze zm.),<br>a tak\u017ce reguluje warunki zawierania Um\u00f3w sprzeda\u017cy w Serwisie, zgodnie z tre\u015bci\u0105 innych<br>ustaw, odpowiednio reguluj\u0105cych ten obowi\u0105zek.<br>\u2022 Serwis prowadzony jest przez: Kelpol sp\u00f3\u0142ka z ograniczon\u0105 odpowiedzialno\u015bci\u0105 ul. Lisia 5 05-079 Zag\u00f3rze NIP: 8222405486<br>Wy\u0142\u0105czne prawo do prowadzenia Serwisu ma wskazany powy\u017cej podmiot, kt\u00f3ry jest<br>W\u0142a\u015bcicielem, Sprzedawc\u0105 oraz Administratorem Serwisu. W przypadku jakichkolwiek pyta\u0144<br>prosimy o kontaktowanie si\u0119 na poni\u017csze dane teleadresowe: e-mail kontakt@lawnexpert.pl<br>Serwis dzia\u0142a w oparciu o obowi\u0105zuj\u0105ce przepisy prawa oraz z poszanowaniem dobrych<br>obyczaj\u00f3w w obrocie gospodarczym, w szczeg\u00f3lno\u015bci maj\u0105c na wzgl\u0119dzie standardy<br>ecommerce w przedmiocie jako\u015bci towar\u00f3w oraz obs\u0142ugi przeprowadzanych transakcji.<br>Definicje:<br>Regulamin \u2013 niniejszy Regulamin wraz z za\u0142\u0105cznikami, informuj\u0105cy o obowi\u0105zkach<br>oraz uprawnieniach Stron Umowy,<br>Strona \u2013 stron\u0105 Umowy jest Klient lub Sprzedawca \u2013 w przypadku poj\u0119cia Strony \u2013 rozumie<br>si\u0119 Klienta oraz Sprzedawc\u0119 \u0142\u0105cznie,<br>Umowa zawarta na odleg\u0142o\u015b\u0107 \u2013 umow\u0119 zawart\u0105 z Klientem w ramach zorganizowanego<br>systemu zawierania um\u00f3w na odleg\u0142o\u015b\u0107, bez jednoczesnej fizycznej obecno\u015bci Stron, z<br>wy\u0142\u0105cznym wykorzystaniem jednego lub wi\u0119kszej liczby \u015brodk\u00f3w porozumiewania si\u0119<br>na odleg\u0142o\u015b\u0107 do chwili zawarcia umowy w\u0142\u0105cznie,<br>Serwis \u2013 sklep internetowy dost\u0119pny pod adresem: lawnexpert.pl<br>Sprzedawca \u2013 sklep internetowy dost\u0119pny pod adresem: lawnexpert.pl<br>Klient\u2013 osoba fizyczna, osoba prawna oraz jednostka organizacyjna nie posiadaj\u0105ca<br>osobowo\u015bci prawnej, kt\u00f3rej ustawa przyznaje zdolno\u015b\u0107 prawn\u0105, nabywaj\u0105ca produkty<br>lub us\u0142ugi za po\u015brednictwem Serwisu,<br>Konsument \u2013 osoba fizyczna nabywaj\u0105ca produkty lub us\u0142ugi za po\u015brednictwem Serwisu<br>w celu niezwi\u0105zanym bezpo\u015brednio z jej dzia\u0142alno\u015bci\u0105 gospodarcz\u0105 lub zawodow\u0105,<br>U\u017cytkownik \u2013 ka\u017cdy podmiot korzystaj\u0105cy z Serwisu, Konto \u2013 indywidualny panel<br>administracyjny U\u017cytkownika dost\u0119pny po dokonaniu rejestracji i zalogowaniu w<br>Serwisie, oznaczony loginem i has\u0142em, s\u0142u\u017c\u0105cy zawieraniu um\u00f3w,<br>Rejestracja \u2013 proces polegaj\u0105cy na utworzeniu przez U\u017cytkownika Konta w Serwisie,<br>Forma p\u0142atno\u015bci \u2013 forma zap\u0142aty za zam\u00f3wiony produkt lub us\u0142ug\u0119, wybrana przez Klienta<br>podczas sk\u0142adanego zam\u00f3wienia oferowana przez Serwis lub w wyniku indywidualnych<br>ustale\u0144 prowadzonych z Serwisem w innej formie ni\u017c prezentowane na stronie<br>internetowej formy p\u0142atno\u015bci, Za\u0142\u0105czniki \u2013 informacja o prawie odst\u0105pienia od umowy oraz<br>wz\u00f3r formularza odst\u0105pienia od umowy,<br>Adres do dor\u0119cze\u0144 \u2013 adres lub adresy wskazane przez Sprzedawc\u0119 jako adresy do<br>sk\u0142adania okre\u015blonych o\u015bwiadcze\u0144, b\u0119d\u0105ce adresami do korespondencji;<br>Formularz Zam\u00f3wienia \u2013 znajduj\u0105cy si\u0119 w Serwisie system techniczny<br>umo\u017cliwiaj\u0105cy z\u0142o\u017cenie zam\u00f3wienia przez Klienta poprzez dost\u0119pne pola formularza.<br>Par. 1 Postanowienia Og\u00f3lne<br>Przedmiotem dzia\u0142alno\u015bci Serwisu jest sprzeda\u017c produkt\u00f3w W sprawach nieuregulowanych<br>niniejszym Regulaminem zastosowanie znajd\u0105 w\u0142a\u015bciwe przepisy prawa obowi\u0105zuj\u0105ce na<br>terytorium Rzeczypospolitej Polskiej, a w szczeg\u00f3lno\u015bci ustawy z dnia 23 kwietnia 1964 r. \u2013<br>Kodeks Cywilny (Dz. U. nr 16, poz. 93 ze zm.), ustawy z dnia 30 maja 2014 r. o prawach<br>konsumenta ( Dz. U. 2014 poz. 827) oraz ustawy z dnia 29 sierpnia 1997 r. o ochronie<br>danych osobowych (tekst jedn.: Dz. U. z 2002 r. nr 101, poz. 926 ze zm.). Tre\u015bci znajduj\u0105ce<br>si\u0119 w Serwisie, opisuj\u0105ce produkty, nie stanowi\u0105 oferty handlowej w rozumieniu przepis\u00f3w<br>Kodeksu cywilnego. Cennik znajduj\u0105cy si\u0119 na stronie g\u0142\u00f3wnej Serwisu nie stanowi oferty<br>handlowej w rozumienia przepis\u00f3w Kodeksu cywilnego.<br>Par. 2 Procedura sk\u0142adania zam\u00f3wie\u0144 i moment zawarcia umowy<br>Klient mo\u017ce sk\u0142ada\u0107 zam\u00f3wienia w Serwisie 24 godziny na dob\u0119 7 dni w tygodniu poprzez<br>stron\u0119 internetow\u0105 kelpol.pl Serwis prowadzi sprzeda\u017c na terytorium Rzeczpospolitej<br>Polskiej jak i poza granicami kraju. Informacje o produktach i us\u0142ugach prezentowane na<br>stronach internetowych Serwisu stanowi\u0105 informacj\u0119 handlow\u0105 w rozumieniu przepis\u00f3w<br>Kodeksu cywilnego. Z\u0142o\u017cenie zam\u00f3wienia stanowi ofert\u0119 w rozumieniu kodeksu cywilnego,<br>z\u0142o\u017con\u0105 Sprzedawcy przez Klienta. W celu z\u0142o\u017cenia zam\u00f3wienia Klient powinien skorzysta\u0107 ze<br>e-sklepu dost\u0119pnego pod adresem kelpol.pl Po z\u0142o\u017ceniu prawid\u0142owego<br>zam\u00f3wienia, zam\u00f3wienie uwa\u017ca si\u0119 za z\u0142o\u017cone. Zam\u00f3wienia z\u0142o\u017cone w w\/w spos\u00f3b s\u0105<br>potwierdzane mailowo. Za chwil\u0119 zawarcia umowy uznaje si\u0119 wi\u0119c wys\u0142anie do Klienta<br>informacji zwrotnej z potwierdzeniem przyj\u0119cia zam\u00f3wienia. Dniem wykonania Umowy<br>zawartej za po\u015brednictwem Serwisu jest dzie\u0144 wys\u0142ania do Klienta za po\u015brednictwem Poczty<br>Polskiej lub Kuriera zam\u00f3wionych produkt\u00f3w.<br>Par. 3 P\u0142atno\u015bci<br>Wszystkie ceny prezentowane w Serwisie s\u0105 cenami brutto, wyra\u017conymi w z\u0142otych polskich,<br>zawieraj\u0105cymi podatek od towar\u00f3w i us\u0142ug (VAT), okre\u015blony odr\u0119bnymi przepisami.<br>Serwis przewiduje nast\u0119puj\u0105ce rodzaje p\u0142atno\u015bci:<br>a) P\u0142atno\u015b\u0107 on-line poprzez serwis przelewy24<br>b) Przelew bankowy<br>Klient dokonuje zam\u00f3wienia wed\u0142ug cen obowi\u0105zuj\u0105cych w chwili z\u0142o\u017cenia zam\u00f3wienia.<br>Serwis zastrzega sobie prawo do zmiany cen. Postanowienie to nie dotyczy zam\u00f3wie\u0144<br>ju\u017c realizowanych.<br>Par. 4 Procedura Reklamacyjna<br>Wszelkie reklamacje zwi\u0105zane ze \u015bwiadczeniem za po\u015brednictwem Serwisu Us\u0142ug oraz<br>pytania dotycz\u0105ce u\u017cytkowania Serwisu nale\u017cy sk\u0142ada\u0107 na adres poczty elektronicznej: <\/p>\n\n\n\n<p>kontakt@lawnexpert.pl Prawid\u0142owo z\u0142o\u017cona reklamacja powinna, co najmniej zawiera\u0107 oznaczenie<br>Klienta (imi\u0119, nazwisko, adres zamieszkania, adres poczty elektronicznej, telefon<br>kontaktowy), opis reklamowanego produktu W sytuacji, gdy podane w reklamacji dane lub<br>informacje wymagaj\u0105 uzupe\u0142nienia, Us\u0142ugodawca zwraca si\u0119, przed rozpatrzeniem<br>reklamacji, do sk\u0142adaj\u0105cego reklamacj\u0119 o jej uzupe\u0142nienie. Czas udzielania dodatkowych<br>wyja\u015bnie\u0144 przez Serwis przed\u0142u\u017ca okres rozpatrywania reklamacji. W przypadku um\u00f3w<br>zawieranych z Konsumentami, Serwis ponosi odpowiedzialno\u015b\u0107 wobec Konsumenta na<br>zasadach okre\u015blonych w art. 556 i kolejnych Kodeksu cywilnego za wady fizyczne lub<br>prawne (r\u0119kojmia). Serwis w ci\u0105gu 14 (czternastu) dni ustosunkuje si\u0119 do zg\u0142oszenia<br>Konsumenta. W przeciwnym razie uwa\u017ca si\u0119, \u017ce Sprzedawca uzna\u0142 o\u015bwiadczenie lub \u017c\u0105danie<br>Konsumenta za uzasadnione. Je\u017celi Klient b\u0119d\u0105cy Konsumentem za\u017c\u0105da\u0142 wymiany us\u0142ugi<br>albo z\u0142o\u017cy\u0142 o\u015bwiadczenie o obni\u017ceniu ceny, okre\u015blaj\u0105c kwot\u0119, o kt\u00f3r\u0105 cena ma by\u0107 obni\u017cona,<br>a Serwis nie ustosunkowa\u0142 si\u0119 do tego \u017c\u0105dania w terminie czternastu dni, uwa\u017ca si\u0119, za<br>\u017c\u0105danie to uzna\u0142 za uzasadnione W przypadku um\u00f3w zawieranych z Klientami nie b\u0119d\u0105cymi<br>jednocze\u015bnie konsumentami, na podstawie art. 558 \u00a7 1 Kodeksu cywilnego,<br>odpowiedzialno\u015b\u0107 Serwisu z tytu\u0142u r\u0119kojmi jest wy\u0142\u0105czona.<br>Par. 5 Odst\u0105pienie od umowy, zako\u0144czenie korzystania<br>Konsument, na podstawie art. 27 ustawy o prawach konsumenta, kt\u00f3ry zawar\u0142 umow\u0119 na<br>odleg\u0142o\u015b\u0107, mo\u017ce od niej odst\u0105pi\u0107 bez podania przyczyny i bez ponoszenia koszt\u00f3w, z<br>wyj\u0105tkiem koszt\u00f3w okre\u015blonych w art. 33, 34 oraz 35 Ustawy o prawach konsumenta,<br>sk\u0142adaj\u0105c stosowne o\u015bwiadczenie na pi\u015bmie w terminie czternastu dni od dnia dor\u0119czenia mu<br>przedmiotu umowy. Do zachowania tego terminu wystarczy wys\u0142anie o\u015bwiadczenia<br>(za\u0142\u0105cznik) przed jego up\u0142ywem. O\u015bwiadczenie mo\u017cna wys\u0142a\u0107 drog\u0105 elektroniczn\u0105 lub na<br>adres do dor\u0119cze\u0144. O\u015bwiadczenie mo\u017ce zosta\u0107 z\u0142o\u017cone na formularzu kt\u00f3ry stanowi Za\u0142\u0105cznik<br>do niniejszego Regulaminu. U\u017cytkownik mo\u017ce w dowolnym czasie zrezygnowa\u0107 z<br>korzystania z Serwisu. Sprzedawca zastrzega sobie prawo zawieszenia, w dowolnym<br>momencie i z dowolnych przyczyn, dzia\u0142alno\u015bci Serwisu, jak r\u00f3wnie\u017c prawo do modyfikacji<br>lub zako\u0144czenia \u015bwiadczenia za jego po\u015brednictwem Us\u0142ug.<br>Par. 6 Wymagania Techniczne oraz informacja o plikach cookies<br>Zalecane wymagania techniczne wsp\u00f3\u0142pracy z systemem teleinformatycznym to: komputer z<br>dost\u0119pem do Internetu, dost\u0119p do poczty elektronicznej, przegl\u0105darka internetowa. Serwis<br>korzysta z technologii plik\u00f3w cookies. Pliki cookies (zwane r\u00f3wnie\u017c tzw. \u201eciasteczka \u201e)<br>stanowi\u0105 dane informatyczne, a w szczeg\u00f3lno\u015bci pliki tekstowe, kt\u00f3re przechowywane s\u0105 w<br>urz\u0105dzeniu ko\u0144cowym U\u017cytkownika i s\u0105 przeznaczone do korzystania ze strony internetowej<br>Serwisu. Pliki wskazane w pkt 1 pozwalaj\u0105 rozpozna\u0107 urz\u0105dzenie U\u017cytkownika i<br>odpowiednio wy\u015bwietli\u0107 stron\u0119 internetow\u0105 dostosowan\u0105 do jego indywidualnych<br>preferencji. W ramach Serwisu stosowane s\u0105 r\u00f3\u017cne rodzaje plik\u00f3w cookies, kt\u00f3rymi s\u0105:<br>Cookies sta\u0142e, to pliki cookies, kt\u00f3rych okres przechowywania na urz\u0105dzeniu ko\u0144cowym trwa<br>przez czas okre\u015blony w parametrach danego pliku lub do momentu samodzielnego usuni\u0119cia<br>plik\u00f3w cookies przez U\u017cytkownika. Cookies tymczasowe, to pliki cookies, kt\u00f3re s\u0105 usuwane<br>w momencie zako\u0144czenia tzw. sesji, tj. wylogowania si\u0119 ze strony www, opuszczenia strony<br>www lub zamkni\u0119cia przegl\u0105darki internetowej, kt\u00f3ra wy\u015bwietla stron\u0119 www. Cookies w\u0142asne,<br>to pliki cookies umieszczone na stronie www przez w\u0142a\u015bciciela. Cookies zewn\u0119trzne, to pliki<br>cookies umieszczone na stronie www przez podmioty zewn\u0119trzne, np. do<br>prowadzenia anonimowych statystyk przez Google Analytics. W celu zmiany ustawie\u0144<br>Polityki Cookies nale\u017cy zmieni\u0107 ustawienia przegl\u0105darki. Szczeg\u00f3\u0142owe informacje na<br>temat zmiany ustawie\u0144 dotycz\u0105cych plik\u00f3w Cookies oraz ich samodzielnego usuwania w<br>najpopularniejszych przegl\u0105darkach internetowych, dost\u0119pne s\u0105 w dziale pomocy<br>przegl\u0105darki internetowej.<\/p>\n\n\n\n<p>Par. 7 Wysy\u0142ki z zakupionymi towarami b\u0119d\u0105 realizowane w ci\u0105gu 1-5 dni roboczych.<br>Par. 8 Postanowienia Ko\u0144cowe<br>Us\u0142ugodawca zastrzega sobie prawo do wprowadzania zmian w tre\u015bciach znajduj\u0105cych si\u0119 w<br>Serwisie oraz do ewentualnych zmian w cenniku produkt\u00f3w oferowanych za po\u015brednictwem<br>Serwisu, w zale\u017cno\u015bci od zmieniaj\u0105cych si\u0119 u\u015brednionych stawek rynkowych.<br>Us\u0142ugodawca nie ponosi odpowiedzialno\u015bci za:<br>a) jakiekolwiek szkody spowodowane naruszeniem przez U\u017cytkownik\u00f3w \u2013 w zwi\u0105zku<br>z korzystaniem z Serwisu \u2013 praw os\u00f3b trzecich;<br>b) szkody powsta\u0142e w nast\u0119pstwie zak\u0142\u00f3ce\u0144 w dzia\u0142aniu Serwisu lub jego niedost\u0119pno\u015bci,<br>spowodowanych przyczynami niezale\u017cnymi od Us\u0142ugodawcy lub kt\u00f3re nast\u0105pi\u0142y<br>wskutek zdarze\u0144, kt\u00f3rym Us\u0142ugodawca nie by\u0142 w stanie zapobiec;<br>c) jakiekolwiek inne szkody spowodowane nieprzestrzeganiem przez U\u017cytkownika<br>postanowie\u0144 niniejszego Regulaminu. Zmiana tre\u015bci niniejszego Regulaminu mo\u017ce nast\u0105pi\u0107<br>po uprzednim poinformowaniu U\u017cytkownik\u00f3w o zakresie przewidywanych zmian nie<br>p\u00f3\u017aniej ni\u017c w terminie 14 dni przed dniem ich wej\u015bcia w \u017cycie. Zam\u00f3wienia z\u0142o\u017cone w<br>trakcie obowi\u0105zywania poprzedniej wersji Regulaminu b\u0119d\u0105 realizowane zgodnie z jego<br>postanowieniami. Ewentualne spory powsta\u0142e pomi\u0119dzy Sprzedawc\u0105 a Klientem, kt\u00f3ry jest<br>Konsumentem, rozstrzygane b\u0119d\u0105 przez s\u0105d powszechny w\u0142a\u015bciwy zgodnie z przepisami<br>Kodeksu post\u0119powania cywilnego. Ewentualne spory powsta\u0142e pomi\u0119dzy Sprzedawc\u0105 a<br>Klientem, kt\u00f3ry nie jest konsumentem, rozstrzygane b\u0119d\u0105 przez s\u0105d powszechny w\u0142a\u015bciwy ze<br>wzgl\u0119du na siedzib\u0119 Serwisu.<br>U\u017cytkownicy mog\u0105 kontaktowa\u0107 si\u0119 ze Sprzedawc\u0105 w nast\u0119puj\u0105cy spos\u00f3b:<br>a) telefon:<br>b) email: kontakt@lawnexpert.pl<br>c) pisemnie na adres: ul. Lisia 5 05-079 Zag\u00f3rze Wysoka Klienci mog\u0105 uzyska\u0107<br>dost\u0119p do niniejszego Regulaminu w ka\u017cdym czasie za po\u015brednictwem linku zamieszczonego<br>na stronie g\u0142\u00f3wnej Serwisu.<br>Wszelkie materia\u0142y znajduj\u0105ce si\u0119 w Serwisie stanowi\u0105 przedmiot prawa autorskiego i<br>podlegaj\u0105 ochronie prawnej. Wykorzystywanie i rozpowszechnianie ich bez zgody<br>w\u0142a\u015bciciela Serwisu jest zabronione. Niniejszy Regulamin obowi\u0105zuje od dnia (tu data<br>dzisiejsza).<br>Konsument w sytuacji sporu ze Sprzedawc\u0105 ma mo\u017cliwo\u015b\u0107 polubownego za\u0142atwienia sprawy<br>poprzez:<br>a) zwr\u00f3cenie si\u0119 do sta\u0142ego polubownego s\u0105du konsumenckiego<br>b) mediacj\u0119<br>c) zwr\u00f3cenie si\u0119 do wojew\u00f3dzkiego inspektora Inspekcji Handlowej<br>d) uzyska\u0107 bezp\u0142atn\u0105 pomoc w sprawie rozstrzygni\u0119cia sporu od Federacji Konsument\u00f3w<br>korzystaj\u0105c z bezp\u0142atnej infolinii konsumenckiej 800 007 707<\/p>\n","protected":false},"excerpt":{"rendered":"<p>Niniejszy Regulamin, jest Regulaminem o kt\u00f3rym mowa w art. 8 Ustawy z dnia 18 lipca2002 r. o \u015bwiadczeniu us\u0142ug drog\u0105&#8230;<\/p>\n","protected":false},"author":1,"featured_media":0,"parent":0,"menu_order":0,"comment_status":"closed","ping_status":"closed","template":"","meta":{"_uag_custom_page_level_css":"","footnotes":""},"class_list":["post-5554","page","type-page","status-publish","hentry"],"yoast_head":"<!-- This site is optimized with the Yoast SEO Premium plugin v20.4 (Yoast SEO v21.9.1) - https:\/\/yoast.com\/wordpress\/plugins\/seo\/ -->\n<title>Regulamin - Lawnexpert<\/title>\n<meta name=\"robots\" content=\"index, follow, max-snippet:-1, max-image-preview:large, max-video-preview:-1\" \/>\n<link rel=\"canonical\" href=\"https:\/\/lawnexpert.pl\/?page_id=5554\" \/>\n<meta property=\"og:locale\" content=\"pl_PL\" \/>\n<meta property=\"og:type\" content=\"article\" \/>\n<meta property=\"og:title\" content=\"Regulamin\" \/>\n<meta property=\"og:description\" content=\"Niniejszy Regulamin, jest Regulaminem o kt\u00f3rym mowa w art. 8 Ustawy z dnia 18 lipca2002 r. o \u015bwiadczeniu us\u0142ug drog\u0105...\" \/>\n<meta property=\"og:url\" content=\"https:\/\/lawnexpert.pl\/?page_id=5554\" \/>\n<meta property=\"og:site_name\" content=\"Lawnexpert\" \/>\n<meta property=\"article:modified_time\" content=\"2024-02-07T13:09:16+00:00\" \/>\n<meta name=\"twitter:card\" content=\"summary_large_image\" \/>\n<meta name=\"twitter:label1\" content=\"Szacowany czas czytania\" \/>\n\t<meta name=\"twitter:data1\" content=\"10 minut\" \/>\n<script type=\"application\/ld+json\" class=\"yoast-schema-graph\">{\"@context\":\"https:\/\/schema.org\",\"@graph\":[{\"@type\":\"WebPage\",\"@id\":\"https:\/\/lawnexpert.pl\/?page_id=5554\",\"url\":\"https:\/\/lawnexpert.pl\/?page_id=5554\",\"name\":\"Regulamin - Lawnexpert\",\"isPartOf\":{\"@id\":\"https:\/\/lawnexpert.pl\/#website\"},\"datePublished\":\"2024-02-07T13:08:21+00:00\",\"dateModified\":\"2024-02-07T13:09:16+00:00\",\"breadcrumb\":{\"@id\":\"https:\/\/lawnexpert.pl\/?page_id=5554#breadcrumb\"},\"inLanguage\":\"pl-PL\",\"potentialAction\":[{\"@type\":\"ReadAction\",\"target\":[\"https:\/\/lawnexpert.pl\/?page_id=5554\"]}]},{\"@type\":\"BreadcrumbList\",\"@id\":\"https:\/\/lawnexpert.pl\/?page_id=5554#breadcrumb\",\"itemListElement\":[{\"@type\":\"ListItem\",\"position\":1,\"name\":\"Strona g\u0142\u00f3wna\",\"item\":\"https:\/\/lawnexpert.pl\/\"},{\"@type\":\"ListItem\",\"position\":2,\"name\":\"Regulamin\"}]},{\"@type\":\"WebSite\",\"@id\":\"https:\/\/lawnexpert.pl\/#website\",\"url\":\"https:\/\/lawnexpert.pl\/\",\"name\":\"Lawnexpert\",\"description\":\"zak\u0142adanie trawnik\u00f3w\",\"publisher\":{\"@id\":\"https:\/\/lawnexpert.pl\/#organization\"},\"potentialAction\":[{\"@type\":\"SearchAction\",\"target\":{\"@type\":\"EntryPoint\",\"urlTemplate\":\"https:\/\/lawnexpert.pl\/?s={search_term_string}\"},\"query-input\":\"required name=search_term_string\"}],\"inLanguage\":\"pl-PL\"},{\"@type\":[\"Organization\",\"Place\"],\"@id\":\"https:\/\/lawnexpert.pl\/#organization\",\"name\":\"Lawnexpert\",\"url\":\"https:\/\/lawnexpert.pl\/\",\"logo\":{\"@id\":\"https:\/\/lawnexpert.pl\/?page_id=5554#local-main-organization-logo\"},\"image\":{\"@id\":\"https:\/\/lawnexpert.pl\/?page_id=5554#local-main-organization-logo\"},\"openingHoursSpecification\":[{\"@type\":\"OpeningHoursSpecification\",\"dayOfWeek\":[\"Monday\",\"Tuesday\",\"Wednesday\",\"Thursday\",\"Friday\",\"Saturday\",\"Sunday\"],\"opens\":\"09:00\",\"closes\":\"17:00\"}]},{\"@type\":\"ImageObject\",\"inLanguage\":\"pl-PL\",\"@id\":\"https:\/\/lawnexpert.pl\/?page_id=5554#local-main-organization-logo\",\"url\":\"https:\/\/lawnexpert.pl\/wp-content\/uploads\/2024\/02\/cropped-Projekt-bez-nazwy-5-1.png\",\"contentUrl\":\"https:\/\/lawnexpert.pl\/wp-content\/uploads\/2024\/02\/cropped-Projekt-bez-nazwy-5-1.png\",\"width\":500,\"height\":140,\"caption\":\"Lawnexpert\"}]}<\/script>\n<!-- \/ Yoast SEO Premium plugin. -->","yoast_head_json":{"title":"Regulamin - Lawnexpert","robots":{"index":"index","follow":"follow","max-snippet":"max-snippet:-1","max-image-preview":"max-image-preview:large","max-video-preview":"max-video-preview:-1"},"canonical":"https:\/\/lawnexpert.pl\/?page_id=5554","og_locale":"pl_PL","og_type":"article","og_title":"Regulamin","og_description":"Niniejszy Regulamin, jest Regulaminem o kt\u00f3rym mowa w art. 8 Ustawy z dnia 18 lipca2002 r. o \u015bwiadczeniu us\u0142ug drog\u0105...","og_url":"https:\/\/lawnexpert.pl\/?page_id=5554","og_site_name":"Lawnexpert","article_modified_time":"2024-02-07T13:09:16+00:00","twitter_card":"summary_large_image","twitter_misc":{"Szacowany czas czytania":"10 minut"},"schema":{"@context":"https:\/\/schema.org","@graph":[{"@type":"WebPage","@id":"https:\/\/lawnexpert.pl\/?page_id=5554","url":"https:\/\/lawnexpert.pl\/?page_id=5554","name":"Regulamin - Lawnexpert","isPartOf":{"@id":"https:\/\/lawnexpert.pl\/#website"},"datePublished":"2024-02-07T13:08:21+00:00","dateModified":"2024-02-07T13:09:16+00:00","breadcrumb":{"@id":"https:\/\/lawnexpert.pl\/?page_id=5554#breadcrumb"},"inLanguage":"pl-PL","potentialAction":[{"@type":"ReadAction","target":["https:\/\/lawnexpert.pl\/?page_id=5554"]}]},{"@type":"BreadcrumbList","@id":"https:\/\/lawnexpert.pl\/?page_id=5554#breadcrumb","itemListElement":[{"@type":"ListItem","position":1,"name":"Strona g\u0142\u00f3wna","item":"https:\/\/lawnexpert.pl\/"},{"@type":"ListItem","position":2,"name":"Regulamin"}]},{"@type":"WebSite","@id":"https:\/\/lawnexpert.pl\/#website","url":"https:\/\/lawnexpert.pl\/","name":"Lawnexpert","description":"zak\u0142adanie trawnik\u00f3w","publisher":{"@id":"https:\/\/lawnexpert.pl\/#organization"},"potentialAction":[{"@type":"SearchAction","target":{"@type":"EntryPoint","urlTemplate":"https:\/\/lawnexpert.pl\/?s={search_term_string}"},"query-input":"required name=search_term_string"}],"inLanguage":"pl-PL"},{"@type":["Organization","Place"],"@id":"https:\/\/lawnexpert.pl\/#organization","name":"Lawnexpert","url":"https:\/\/lawnexpert.pl\/","logo":{"@id":"https:\/\/lawnexpert.pl\/?page_id=5554#local-main-organization-logo"},"image":{"@id":"https:\/\/lawnexpert.pl\/?page_id=5554#local-main-organization-logo"},"openingHoursSpecification":[{"@type":"OpeningHoursSpecification","dayOfWeek":["Monday","Tuesday","Wednesday","Thursday","Friday","Saturday","Sunday"],"opens":"09:00","closes":"17:00"}]},{"@type":"ImageObject","inLanguage":"pl-PL","@id":"https:\/\/lawnexpert.pl\/?page_id=5554#local-main-organization-logo","url":"https:\/\/lawnexpert.pl\/wp-content\/uploads\/2024\/02\/cropped-Projekt-bez-nazwy-5-1.png","contentUrl":"https:\/\/lawnexpert.pl\/wp-content\/uploads\/2024\/02\/cropped-Projekt-bez-nazwy-5-1.png","width":500,"height":140,"caption":"Lawnexpert"}]}},"uagb_featured_image_src":{"full":false,"thumbnail":false,"medium":false,"medium_large":false,"large":false,"1536x1536":false,"2048x2048":false,"woocommerce_thumbnail":false,"woocommerce_single":false,"woocommerce_gallery_thumbnail":false},"uagb_author_info":{"display_name":"admin-SXJDcYj8","author_link":"https:\/\/lawnexpert.pl\/?author=1"},"uagb_comment_info":0,"uagb_excerpt":"Niniejszy Regulamin, jest Regulaminem o kt\u00f3rym mowa w art. 8 Ustawy z dnia 18 lipca2002 r. o \u015bwiadczeniu us\u0142ug drog\u0105...","_links":{"self":[{"href":"https:\/\/lawnexpert.pl\/index.php?rest_route=\/wp\/v2\/pages\/5554","targetHints":{"allow":["GET"]}}],"collection":[{"href":"https:\/\/lawnexpert.pl\/index.php?rest_route=\/wp\/v2\/pages"}],"about":[{"href":"https:\/\/lawnexpert.pl\/index.php?rest_route=\/wp\/v2\/types\/page"}],"author":[{"embeddable":true,"href":"https:\/\/lawnexpert.pl\/index.php?rest_route=\/wp\/v2\/users\/1"}],"replies":[{"embeddable":true,"href":"https:\/\/lawnexpert.pl\/index.php?rest_route=%2Fwp%2Fv2%2Fcomments&post=5554"}],"version-history":[{"count":2,"href":"https:\/\/lawnexpert.pl\/index.php?rest_route=\/wp\/v2\/pages\/5554\/revisions"}],"predecessor-version":[{"id":5556,"href":"https:\/\/lawnexpert.pl\/index.php?rest_route=\/wp\/v2\/pages\/5554\/revisions\/5556"}],"wp:attachment":[{"href":"https:\/\/lawnexpert.pl\/index.php?rest_route=%2Fwp%2Fv2%2Fmedia&parent=5554"}],"curies":[{"name":"wp","href":"https:\/\/api.w.org\/{rel}","templated":true}]}}