{"id":3,"date":"2024-02-05T11:09:47","date_gmt":"2024-02-05T10:09:47","guid":{"rendered":"https:\/\/lawnexpert.pl\/?page_id=3"},"modified":"2024-02-07T14:04:26","modified_gmt":"2024-02-07T13:04:26","slug":"polityka-prywatnosci","status":"publish","type":"page","link":"https:\/\/lawnexpert.pl\/?page_id=3","title":{"rendered":"Polityka prywatno\u015bci"},"content":{"rendered":"\n<p>I Informacje og\u00f3lne<br>\u2022 Niniejsza Polityka Prywatno\u015bci okre\u015bla spos\u00f3b pozyskiwania, przetwarzania oraz<br>zabezpieczania danych osobowych w rozumieniu ustawy o ochronie danych osobowych z<br>dnia 29 sierpnia 1997 roku (Dz.U. Nr 133, poz. 883 z p\u00f3\u017a. zm.) oraz ustaw\u0105 o \u015bwiadczeniu<br>us\u0142ug drog\u0105 elektroniczn\u0105 z dnia 18 lipca 2002 r. (Dz.U. Nr 144, poz. 1204 z p\u00f3\u017a. zm.)<br>\u2022 W\u0142a\u015bcicielem strony internetowej <a href=\"https:\/\/lawnexpert.pl\/\">lawnexpert.pl<\/a> oraz administratorem danych<br>osobowych jest Kelpol sp\u00f3\u0142ka z ograniczon\u0105 odpowiedzialno\u015bci\u0105 ul. Lisia 5 05-079 Zag\u00f3rze NIP: 8222405486<br>wpisany do Centralnej Ewidencji i Informacji o Dzia\u0142alno\u015bci Gospodarczej<br>Rzeczypospolitej Polskiej.<br>II Dane osobowe<br>\u2022 Serwis zbiera informacje podane dobrowolnie przez u\u017cytkownika.<br>\u2022 Dane osobowe s\u0105 pozyskiwane podczas sk\u0142adania zam\u00f3wienia w sklepie lub podczas<br>wysy\u0142ania maila na adres podany na stronie<br>\u2022 Dane osobowe s\u0105 wykorzystywane wy\u0142\u0105cznie w celu realizacji zam\u00f3wienia<br>\u2022 Zawarto\u015b\u0107 strony internetowej mo\u017cna przegl\u0105da\u0107 bez podawania jakichkolwiek danych<br>osobowych.<br>\u2022 Ka\u017cda osoba, kt\u00f3ra udost\u0119pni\u0142a swoje dane osobowe ma prawo do dost\u0119pu do ich tre\u015bci<br>oraz mo\u017cliwo\u015b\u0107 ich poprawiania, uaktualniania, uzupe\u0142niania, jak i r\u00f3wnie\u017c \u017c\u0105dania<br>zaprzestania przetwarzania danych osobowych oraz wniesienia sprzeciwu wobec<br>przetwarzania danych osobowych. Wymienione czynno\u015bci mo\u017cna dokona\u0107 poprzez<br>wys\u0142anie stosownego o\u015bwiadczenia na adres email: kontakt@kelpol.pl<br>\u2022 Pozyskane przez administratora dane osobowe s\u0105 przechowywane, przetwarzane i<br>chronione zgodnie z obowi\u0105zuj\u0105cymi przepisami prawa. Zbi\u00f3r danych osobowych zosta\u0142<br>zg\u0142oszony do Urz\u0119du Ochrony Danych Osobowych (uodo.gov.pl)<br>\u2022 Administrator chroni zgromadzone dane osobowe korzystaj\u0105c z nast\u0119puj\u0105cych \u015brodk\u00f3w:<br>\u2013 zabezpieczenie zbioru danych przed nieuprawnionym dost\u0119pem<br>III Informacja o plikach cookies.<br>\u2022 Serwis korzysta z plik\u00f3w cookies.<br>\u2022 Pliki cookies (tzw. \u201eciasteczka\u201d) stanowi\u0105 dane informatyczne, w szczeg\u00f3lno\u015bci pliki<br>tekstowe, kt\u00f3re przechowywane s\u0105 w urz\u0105dzeniu ko\u0144cowym U\u017cytkownika Serwisu i<br>przeznaczone s\u0105 do korzystania ze stron internetowych Serwisu. Cookies zazwyczaj<br>zawieraj\u0105 nazw\u0119 strony internetowej, z kt\u00f3rej pochodz\u0105, czas przechowywania ich na<br>urz\u0105dzeniu ko\u0144cowym oraz unikalny numer.<br>\u2022 Podmiotem zamieszczaj\u0105cym na urz\u0105dzeniu ko\u0144cowym U\u017cytkownika Serwisu pliki<br>cookies oraz uzyskuj\u0105cym do nich dost\u0119p jest operator Serwisu.<br>\u2022 Pliki cookies wykorzystywane s\u0105 w nast\u0119puj\u0105cych celach:<br>\u2022 tworzenia statystyk, kt\u00f3re pomagaj\u0105 zrozumie\u0107, w jaki spos\u00f3b U\u017cytkownicy Serwisu<br>korzystaj\u0105 ze stron internetowych, co umo\u017cliwia ulepszanie ich struktury i zawarto\u015bci;<br>\u2022 utrzymania sesji U\u017cytkownika Serwisu (po zalogowaniu), dzi\u0119ki kt\u00f3rej U\u017cytkownik nie<br>musi na ka\u017cdej podstronie Serwisu ponownie wpisywa\u0107 loginu i has\u0142a;<br>\u2022 okre\u015blania profilu u\u017cytkownika w celu wy\u015bwietlania mu dopasowanych materia\u0142\u00f3w<br>sieciach reklamowych, w szczeg\u00f3lno\u015bci sieci Google.<br>\u2022 W ramach Serwisu stosowane s\u0105 dwa zasadnicze rodzaje plik\u00f3w cookies:\u201esesyjne\u201d<br>(session cookies) oraz \u201esta\u0142e\u201d (persistent cookies). Cookies \u201esesyjne\u201d s\u0105 plikami<br>tymczasowymi, kt\u00f3re przechowywane s\u0105 w urz\u0105dzeniu ko\u0144cowym U\u017cytkownika do czasu<br>wylogowania, opuszczenia strony internetowej lub wy\u0142\u0105czenia oprogramowania<br>(przegl\u0105darki internetowej). \u201eSta\u0142e\u201d pliki cookies przechowywane s\u0105 w urz\u0105dzeniu<br>ko\u0144cowym U\u017cytkownika przez czas okre\u015blony w parametrach plik\u00f3w cookies lub do czasu<br>ich usuni\u0119cia przez U\u017cytkownika.<br>\u2022 Oprogramowanie do przegl\u0105dania stron internetowych (przegl\u0105darka internetowa)<br>zazwyczaj domy\u015blnie dopuszcza przechowywanie plik\u00f3w cookies w urz\u0105dzeniu ko\u0144cowym<br>U\u017cytkownika. U\u017cytkownicy Serwisu mog\u0105 dokona\u0107 zmiany ustawie\u0144 w tym zakresie.<br>Przegl\u0105darka internetowa umo\u017cliwia usuni\u0119cie plik\u00f3w cookies. Mo\u017cliwe jest tak\u017ce<br>automatyczne blokowanie plik\u00f3w cookies Szczeg\u00f3\u0142owe informacje na ten temat zawiera<br>pomoc lub dokumentacja przegl\u0105darki internetowej.<br>\u2022 Ograniczenia stosowania plik\u00f3w cookies mog\u0105 wp\u0142yn\u0105\u0107 na niekt\u00f3re funkcjonalno\u015bci<br>dost\u0119pne na stronach internetowych Serwisu.<br>\u2022 Pliki cookies zamieszczane w urz\u0105dzeniu ko\u0144cowym U\u017cytkownika Serwisu i<br>wykorzystywane mog\u0105 by\u0107 r\u00f3wnie\u017c przez wsp\u00f3\u0142pracuj\u0105cych z operatorem Serwisu<br>reklamodawc\u00f3w oraz partner\u00f3w.<br>\u2022 Zalecamy przeczytanie polityki ochrony prywatno\u015bci tych firm, aby pozna\u0107 zasady<br>korzystania z plik\u00f3w cookies wykorzystywane w statystykach: Polityka ochrony<br>prywatno\u015bci Google Analytics.<br>\u2022 Pliki cookies mog\u0105 by\u0107 wykorzystane przez sieci reklamowe, w szczeg\u00f3lno\u015bci sie\u0107<br>Google, do wy\u015bwietlenia reklam dopasowanych do sposobu, w jaki u\u017cytkownik korzysta z<br>Serwisu. W tym celu mog\u0105 zachowa\u0107 informacj\u0119 o \u015bcie\u017cce nawigacji u\u017cytkownika lub<br>czasie pozostawania na danej stronie.<br>\u2022 W zakresie informacji o preferencjach u\u017cytkownika gromadzonych przez sie\u0107<br>reklamow\u0105 Google u\u017cytkownik mo\u017ce przegl\u0105da\u0107 i edytowa\u0107 informacje wynikaj\u0105ce z<br>plik\u00f3w cookies przy pomocy narz\u0119dzia: https:\/\/www.google.com\/ads\/preferences\/<br>IV Zarz\u0105dzanie plikami cookies \u2013 jak w praktyce wyra\u017ca\u0107 i cofa\u0107 zgod\u0119?<br>\u2022 Je\u015bli u\u017cytkownik nie chce otrzymywa\u0107 plik\u00f3w cookies, mo\u017ce zmieni\u0107 ustawienia<br>przegl\u0105darki. Zastrzegamy, \u017ce wy\u0142\u0105czenie obs\u0142ugi plik\u00f3w cookies niezb\u0119dnych dla<br>proces\u00f3w uwierzytelniania, bezpiecze\u0144stwa, utrzymania preferencji u\u017cytkownika mo\u017ce<br>utrudni\u0107, a w skrajnych przypadkach mo\u017ce uniemo\u017cliwi\u0107 korzystanie ze stron www.<br>\u2022 W celu zarz\u0105dzania ustawieniami cookies wybierz z listy poni\u017cej przegl\u0105dark\u0119<br>internetow\u0105\/ system i post\u0119puj zgodnie z instrukcjami<br>\u2022 \u2013 Internet Explorer<br>\u2022 \u2013 Chrome<br>\u2022 \u2013 Safari<br>\u2022 \u2013 Firefox<br>\u2022 \u2013 Opera<br>\u2022 \u2013 Android<br>\u2022 \u2013 Safari (iOS)<br>\u2022 \u2013 Windows Phone<br>\u2022 \u2013 Blackberry<br>V Udost\u0119pnienie danych.<br>\u2022 Dane podlegaj\u0105 udost\u0119pnieniu podmiotom zewn\u0119trznym wy\u0142\u0105cznie w granicach<br>prawnie dozwolonych.<br>\u2022 Operator mo\u017ce mie\u0107 obowi\u0105zek udzielania informacji zebranych przez Serwis<br>upowa\u017cnionym organom na podstawie zgodnych z prawem \u017c\u0105da\u0144 w zakresie<br>wynikaj\u0105cym z \u017c\u0105dania.<br>VI Postanowienia ko\u0144cowe<br>\u2022 Administrator ma prawo do zmian w niniejszej Polityce Prywatno\u015bci. Osoby<br>udost\u0119pniaj\u0105ce swoje dane osobowe obowi\u0105zuje aktualnie obowi\u0105zuj\u0105ca wersja Polityki<br>Prywatno\u015bci, dost\u0119pna na stronie kelpol.pl\u2022 W sprawach<br>nieuregulowanych niniejsz\u0105 Polityk\u0105 Prywatno\u015bci stosuje si\u0119 obowi\u0105zuj\u0105ce przepisy prawa<br>polskiego.<\/p>\n","protected":false},"excerpt":{"rendered":"<p>I Informacje og\u00f3lne\u2022 Niniejsza Polityka Prywatno\u015bci okre\u015bla spos\u00f3b pozyskiwania, przetwarzania orazzabezpieczania danych osobowych w rozumieniu ustawy o ochronie danych osobowych&#8230;<\/p>\n","protected":false},"author":1,"featured_media":0,"parent":0,"menu_order":0,"comment_status":"closed","ping_status":"closed","template":"","meta":{"_uag_custom_page_level_css":"","footnotes":""},"class_list":["post-3","page","type-page","status-publish","hentry"],"yoast_head":"<!-- This site is optimized with the Yoast SEO Premium plugin v20.4 (Yoast SEO v21.9.1) - https:\/\/yoast.com\/wordpress\/plugins\/seo\/ -->\n<title>Polityka prywatno\u015bci - Lawnexpert<\/title>\n<meta name=\"robots\" content=\"index, follow, max-snippet:-1, max-image-preview:large, max-video-preview:-1\" \/>\n<link rel=\"canonical\" href=\"https:\/\/lawnexpert.pl\/?page_id=3\" \/>\n<meta property=\"og:locale\" content=\"pl_PL\" \/>\n<meta property=\"og:type\" content=\"article\" \/>\n<meta property=\"og:title\" content=\"Polityka prywatno\u015bci\" \/>\n<meta property=\"og:description\" content=\"I Informacje og\u00f3lne\u2022 Niniejsza Polityka Prywatno\u015bci okre\u015bla spos\u00f3b pozyskiwania, przetwarzania orazzabezpieczania danych osobowych w rozumieniu ustawy o ochronie danych osobowych...\" \/>\n<meta property=\"og:url\" content=\"https:\/\/lawnexpert.pl\/?page_id=3\" \/>\n<meta property=\"og:site_name\" content=\"Lawnexpert\" \/>\n<meta property=\"article:modified_time\" content=\"2024-02-07T13:04:26+00:00\" \/>\n<meta name=\"twitter:card\" content=\"summary_large_image\" \/>\n<meta name=\"twitter:label1\" content=\"Szacowany czas czytania\" \/>\n\t<meta name=\"twitter:data1\" content=\"5 minut\" \/>\n<script type=\"application\/ld+json\" class=\"yoast-schema-graph\">{\"@context\":\"https:\/\/schema.org\",\"@graph\":[{\"@type\":\"WebPage\",\"@id\":\"https:\/\/lawnexpert.pl\/?page_id=3\",\"url\":\"https:\/\/lawnexpert.pl\/?page_id=3\",\"name\":\"Polityka prywatno\u015bci - Lawnexpert\",\"isPartOf\":{\"@id\":\"https:\/\/lawnexpert.pl\/#website\"},\"datePublished\":\"2024-02-05T10:09:47+00:00\",\"dateModified\":\"2024-02-07T13:04:26+00:00\",\"breadcrumb\":{\"@id\":\"https:\/\/lawnexpert.pl\/?page_id=3#breadcrumb\"},\"inLanguage\":\"pl-PL\",\"potentialAction\":[{\"@type\":\"ReadAction\",\"target\":[\"https:\/\/lawnexpert.pl\/?page_id=3\"]}]},{\"@type\":\"BreadcrumbList\",\"@id\":\"https:\/\/lawnexpert.pl\/?page_id=3#breadcrumb\",\"itemListElement\":[{\"@type\":\"ListItem\",\"position\":1,\"name\":\"Strona g\u0142\u00f3wna\",\"item\":\"https:\/\/lawnexpert.pl\/\"},{\"@type\":\"ListItem\",\"position\":2,\"name\":\"Polityka prywatno\u015bci\"}]},{\"@type\":\"WebSite\",\"@id\":\"https:\/\/lawnexpert.pl\/#website\",\"url\":\"https:\/\/lawnexpert.pl\/\",\"name\":\"Lawnexpert\",\"description\":\"zak\u0142adanie trawnik\u00f3w\",\"publisher\":{\"@id\":\"https:\/\/lawnexpert.pl\/#organization\"},\"potentialAction\":[{\"@type\":\"SearchAction\",\"target\":{\"@type\":\"EntryPoint\",\"urlTemplate\":\"https:\/\/lawnexpert.pl\/?s={search_term_string}\"},\"query-input\":\"required name=search_term_string\"}],\"inLanguage\":\"pl-PL\"},{\"@type\":[\"Organization\",\"Place\"],\"@id\":\"https:\/\/lawnexpert.pl\/#organization\",\"name\":\"Lawnexpert\",\"url\":\"https:\/\/lawnexpert.pl\/\",\"logo\":{\"@id\":\"https:\/\/lawnexpert.pl\/?page_id=3#local-main-organization-logo\"},\"image\":{\"@id\":\"https:\/\/lawnexpert.pl\/?page_id=3#local-main-organization-logo\"},\"openingHoursSpecification\":[{\"@type\":\"OpeningHoursSpecification\",\"dayOfWeek\":[\"Monday\",\"Tuesday\",\"Wednesday\",\"Thursday\",\"Friday\",\"Saturday\",\"Sunday\"],\"opens\":\"09:00\",\"closes\":\"17:00\"}]},{\"@type\":\"ImageObject\",\"inLanguage\":\"pl-PL\",\"@id\":\"https:\/\/lawnexpert.pl\/?page_id=3#local-main-organization-logo\",\"url\":\"https:\/\/lawnexpert.pl\/wp-content\/uploads\/2024\/02\/cropped-Projekt-bez-nazwy-5-1.png\",\"contentUrl\":\"https:\/\/lawnexpert.pl\/wp-content\/uploads\/2024\/02\/cropped-Projekt-bez-nazwy-5-1.png\",\"width\":500,\"height\":140,\"caption\":\"Lawnexpert\"}]}<\/script>\n<!-- \/ Yoast SEO Premium plugin. -->","yoast_head_json":{"title":"Polityka prywatno\u015bci - Lawnexpert","robots":{"index":"index","follow":"follow","max-snippet":"max-snippet:-1","max-image-preview":"max-image-preview:large","max-video-preview":"max-video-preview:-1"},"canonical":"https:\/\/lawnexpert.pl\/?page_id=3","og_locale":"pl_PL","og_type":"article","og_title":"Polityka prywatno\u015bci","og_description":"I Informacje og\u00f3lne\u2022 Niniejsza Polityka Prywatno\u015bci okre\u015bla spos\u00f3b pozyskiwania, przetwarzania orazzabezpieczania danych osobowych w rozumieniu ustawy o ochronie danych osobowych...","og_url":"https:\/\/lawnexpert.pl\/?page_id=3","og_site_name":"Lawnexpert","article_modified_time":"2024-02-07T13:04:26+00:00","twitter_card":"summary_large_image","twitter_misc":{"Szacowany czas czytania":"5 minut"},"schema":{"@context":"https:\/\/schema.org","@graph":[{"@type":"WebPage","@id":"https:\/\/lawnexpert.pl\/?page_id=3","url":"https:\/\/lawnexpert.pl\/?page_id=3","name":"Polityka prywatno\u015bci - Lawnexpert","isPartOf":{"@id":"https:\/\/lawnexpert.pl\/#website"},"datePublished":"2024-02-05T10:09:47+00:00","dateModified":"2024-02-07T13:04:26+00:00","breadcrumb":{"@id":"https:\/\/lawnexpert.pl\/?page_id=3#breadcrumb"},"inLanguage":"pl-PL","potentialAction":[{"@type":"ReadAction","target":["https:\/\/lawnexpert.pl\/?page_id=3"]}]},{"@type":"BreadcrumbList","@id":"https:\/\/lawnexpert.pl\/?page_id=3#breadcrumb","itemListElement":[{"@type":"ListItem","position":1,"name":"Strona g\u0142\u00f3wna","item":"https:\/\/lawnexpert.pl\/"},{"@type":"ListItem","position":2,"name":"Polityka prywatno\u015bci"}]},{"@type":"WebSite","@id":"https:\/\/lawnexpert.pl\/#website","url":"https:\/\/lawnexpert.pl\/","name":"Lawnexpert","description":"zak\u0142adanie trawnik\u00f3w","publisher":{"@id":"https:\/\/lawnexpert.pl\/#organization"},"potentialAction":[{"@type":"SearchAction","target":{"@type":"EntryPoint","urlTemplate":"https:\/\/lawnexpert.pl\/?s={search_term_string}"},"query-input":"required name=search_term_string"}],"inLanguage":"pl-PL"},{"@type":["Organization","Place"],"@id":"https:\/\/lawnexpert.pl\/#organization","name":"Lawnexpert","url":"https:\/\/lawnexpert.pl\/","logo":{"@id":"https:\/\/lawnexpert.pl\/?page_id=3#local-main-organization-logo"},"image":{"@id":"https:\/\/lawnexpert.pl\/?page_id=3#local-main-organization-logo"},"openingHoursSpecification":[{"@type":"OpeningHoursSpecification","dayOfWeek":["Monday","Tuesday","Wednesday","Thursday","Friday","Saturday","Sunday"],"opens":"09:00","closes":"17:00"}]},{"@type":"ImageObject","inLanguage":"pl-PL","@id":"https:\/\/lawnexpert.pl\/?page_id=3#local-main-organization-logo","url":"https:\/\/lawnexpert.pl\/wp-content\/uploads\/2024\/02\/cropped-Projekt-bez-nazwy-5-1.png","contentUrl":"https:\/\/lawnexpert.pl\/wp-content\/uploads\/2024\/02\/cropped-Projekt-bez-nazwy-5-1.png","width":500,"height":140,"caption":"Lawnexpert"}]}},"uagb_featured_image_src":{"full":false,"thumbnail":false,"medium":false,"medium_large":false,"large":false,"1536x1536":false,"2048x2048":false,"woocommerce_thumbnail":false,"woocommerce_single":false,"woocommerce_gallery_thumbnail":false},"uagb_author_info":{"display_name":"admin-SXJDcYj8","author_link":"https:\/\/lawnexpert.pl\/?author=1"},"uagb_comment_info":0,"uagb_excerpt":"I Informacje og\u00f3lne\u2022 Niniejsza Polityka Prywatno\u015bci okre\u015bla spos\u00f3b pozyskiwania, przetwarzania orazzabezpieczania danych osobowych w rozumieniu ustawy o ochronie danych osobowych...","_links":{"self":[{"href":"https:\/\/lawnexpert.pl\/index.php?rest_route=\/wp\/v2\/pages\/3","targetHints":{"allow":["GET"]}}],"collection":[{"href":"https:\/\/lawnexpert.pl\/index.php?rest_route=\/wp\/v2\/pages"}],"about":[{"href":"https:\/\/lawnexpert.pl\/index.php?rest_route=\/wp\/v2\/types\/page"}],"author":[{"embeddable":true,"href":"https:\/\/lawnexpert.pl\/index.php?rest_route=\/wp\/v2\/users\/1"}],"replies":[{"embeddable":true,"href":"https:\/\/lawnexpert.pl\/index.php?rest_route=%2Fwp%2Fv2%2Fcomments&post=3"}],"version-history":[{"count":2,"href":"https:\/\/lawnexpert.pl\/index.php?rest_route=\/wp\/v2\/pages\/3\/revisions"}],"predecessor-version":[{"id":5553,"href":"https:\/\/lawnexpert.pl\/index.php?rest_route=\/wp\/v2\/pages\/3\/revisions\/5553"}],"wp:attachment":[{"href":"https:\/\/lawnexpert.pl\/index.php?rest_route=%2Fwp%2Fv2%2Fmedia&parent=3"}],"curies":[{"name":"wp","href":"https:\/\/api.w.org\/{rel}","templated":true}]}}